{"id":1490,"date":"2026-01-16T03:38:51","date_gmt":"2026-01-16T03:38:51","guid":{"rendered":"https:\/\/honeydew-elephant-158889.hostingersite.com\/about\/"},"modified":"2026-01-17T02:20:28","modified_gmt":"2026-01-17T02:20:28","slug":"about","status":"publish","type":"page","link":"https:\/\/transport-romina.com\/fr\/about\/","title":{"rendered":"\u00c0 propos de nous"},"content":{"rendered":"<div data-spectra-id=\"78fbda14\"\tstyle=\"overflow: visible; --spectra-background-color: var(--ast-global-color-7); --spectra-overlay-opacity: 0.65;\" class=\"spectra-is-root-container alignfull spectra-overlay-color spectra-overflow spectra-background-color spectra-dim-ratio wp-block-spectra-container\" data-orientation=\"vertical\"\t>\n\t\n<div data-spectra-id=\"spectra-mfxgyjhe-41lyzt\" style=\"overflow: visible\" class=\"spectra-overlay-color spectra-overflow wp-block-spectra-container\" data-orientation=\"vertical\">\n\t\n<div data-spectra-id=\"spectra-38b626f9-root\" style=\"overflow: visible\" class=\"spectra-overlay-color spectra-overflow wp-block-spectra-container\" data-orientation=\"vertical\">\n\t\n\t<h1 data-spectra-id=\"spectra-38b626f9-prefix\" data-aos-delay=\"0\" data-aos-duration=\"400\" data-aos-easing=\"ease\" data-aos-once=\"true\" data-aos=\"fade\" style=\"--spectra-text-color: ast-global-color-5\" class=\"has-text-color has-link-color spectra-text-color  wp-elements-75ebe7b27247dddaf3ae45a42f117f7e wp-block-spectra-content has-text-color has-ast-global-color-5-color\">\n\t\tPropuls\u00e9 par la fiabilit\u00e9. B\u00e2ti sur la confiance.\t<\/h1>\n\n\n\n\n\n<\/div>\n\n<\/div>\n\n\n<div class='mwai-chatbot-container' data-params='{&quot;aiName&quot;:&quot;AI: &quot;,&quot;userName&quot;:&quot;User: &quot;,&quot;guestName&quot;:&quot;Guest:&quot;,&quot;textSend&quot;:&quot;Send&quot;,&quot;textClear&quot;:&quot;Clear&quot;,&quot;imageUpload&quot;:false,&quot;fileUpload&quot;:false,&quot;multiUpload&quot;:false,&quot;maxUploads&quot;:1,&quot;fileUploads&quot;:0,&quot;mode&quot;:&quot;chat&quot;,&quot;textInputPlaceholder&quot;:&quot;Type your message...&quot;,&quot;textInputMaxLength&quot;:512,&quot;textCompliance&quot;:&quot;&quot;,&quot;startSentence&quot;:&quot;Hi! How can I help you?&quot;,&quot;localMemory&quot;:true,&quot;themeId&quot;:&quot;chatgpt&quot;,&quot;window&quot;:true,&quot;icon&quot;:&quot;chat-color-blue.svg&quot;,&quot;iconText&quot;:&quot;How Can I help you?&quot;,&quot;iconTextDelay&quot;:1,&quot;iconAlt&quot;:&quot;AI Engine Chatbot&quot;,&quot;iconPosition&quot;:&quot;bottom-right&quot;,&quot;centerOpen&quot;:false,&quot;width&quot;:&quot;&quot;,&quot;openDelay&quot;:&quot;&quot;,&quot;iconBubble&quot;:false,&quot;windowAnimation&quot;:&quot;zoom&quot;,&quot;fullscreen&quot;:false,&quot;copyButton&quot;:false,&quot;headerSubtitle&quot;:&quot;Discuss with Tranport Romina&quot;,&quot;containerType&quot;:&quot;standard&quot;,&quot;headerType&quot;:&quot;standard&quot;,&quot;messagesType&quot;:&quot;standard&quot;,&quot;inputType&quot;:&quot;standard&quot;,&quot;footerType&quot;:&quot;standard&quot;}' data-system='{&quot;botId&quot;:&quot;default&quot;,&quot;customId&quot;:null,&quot;userData&quot;:null,&quot;sessionId&quot;:&quot;6a08ea18bb1c2&quot;,&quot;restNonce&quot;:null,&quot;contextId&quot;:null,&quot;pluginUrl&quot;:&quot;https:\\\/\\\/transport-romina.com\\\/wp-content\\\/plugins\\\/ai-engine&quot;,&quot;restUrl&quot;:&quot;https:\\\/\\\/transport-romina.com\\\/fr\\\/wp-json&quot;,&quot;stream&quot;:true,&quot;debugMode&quot;:false,&quot;eventLogs&quot;:false,&quot;speech_recognition&quot;:false,&quot;speech_synthesis&quot;:false,&quot;typewriter&quot;:false,&quot;crossSite&quot;:false,&quot;actions&quot;:[],&quot;blocks&quot;:[],&quot;shortcuts&quot;:[]}' data-theme='{&quot;type&quot;:&quot;internal&quot;,&quot;name&quot;:&quot;ChatGPT&quot;,&quot;themeId&quot;:&quot;chatgpt&quot;,&quot;settings&quot;:[],&quot;style&quot;:&quot;&quot;,&quot;cssUrl&quot;:&quot;https:\\\/\\\/transport-romina.com\\\/wp-content\\\/plugins\\\/ai-engine\\\/themes\\\/chatgpt.css&quot;}'><\/div>\n\n<\/div>\n\n\n<div data-spectra-id=\"spectra-mfxh7rtu-ot68sg\"\tstyle=\"overflow: visible; --spectra-background-color: var(--ast-global-color-4);\" class=\"spectra-is-root-container alignfull spectra-overlay-color spectra-overflow spectra-background-color wp-block-spectra-container\" data-orientation=\"vertical\"\t>\n\t\n<div data-spectra-id=\"spectra-mfxh82jo-3v8bij\" style=\"overflow: visible\" class=\"spectra-overlay-color spectra-overflow wp-block-spectra-container\" data-orientation=\"vertical\">\n\t\n<div data-spectra-id=\"spectra-mfxh8z4t-nvrbuq\" data-aos-delay=\"0\" data-aos-duration=\"400\" data-aos-easing=\"ease\" data-aos-once=\"true\" data-aos=\"fade-right\" style=\"overflow: visible;--spectra-background-color: var(--ast-global-color-5);--spectra-box-shadow: 0px 0px 24px 2px #242a571c\" class=\"spectra-overlay-color spectra-overflow spectra-background-color spectra-box-shadow wp-block-spectra-container\" data-orientation=\"vertical\">\n\t\n<div data-spectra-id=\"spectra-mfxh9sg8-dd8u5u\" style=\"display: flex;justify-content: flex-start\" class=\"wp-block-spectra-separator spectra-separator-color wp-block-spectra-separator\">\n\t<div class=\"spectra-separator-line\" style=\"margin-right: auto;background-color: var(--ast-global-color-0)\"><\/div>\n<\/div>\n\n\n\t<h3 data-spectra-id=\"spectra-mfxha7ec-hrxlni\" class=\"wp-block-spectra-content\">\n\t\t<strong>Solutions de transport expertes<\/strong>\t<\/h3>\n\n\n\t<p data-spectra-id=\"spectra-mfxhatnj-zrdtpz\" class=\"wp-block-spectra-content\">\n\t\tTransport Romina Inc est une entreprise de logistique professionnelle offrant des solutions de transport de marchandises fiables \u00e0 travers l\u2019Am\u00e9rique du Nord. Notre mission est d\u2019\u00eatre un partenaire de transport de confiance, ax\u00e9 sur la responsabilit\u00e9, une communication claire et une performance constante.<br><br>Dans un secteur o\u00f9 la fiabilit\u00e9 est essentielle, nous faisons les choses correctement. Gr\u00e2ce \u00e0 une direction exp\u00e9riment\u00e9e, des chauffeurs qualifi\u00e9s et des op\u00e9rations rigoureuses, nous veillons \u00e0 ce que chaque exp\u00e9dition soit trait\u00e9e avec soin et pr\u00e9cision, peu importe la distance ou la complexit\u00e9.\t<\/p>\n\n<\/div>\n\n\n<div data-spectra-id=\"spectra-5cf980a3-f18e-45bd-b999-84389d051c88\" data-aos-delay=\"0\" data-aos-duration=\"400\" data-aos-easing=\"ease\" data-aos-once=\"true\" data-aos=\"fade-right\" style=\"overflow: visible;--spectra-background-color: var(--ast-global-color-5);--spectra-box-shadow: 0px 0px 24px 2px #242a571c\" class=\"spectra-overlay-color spectra-overflow spectra-background-color spectra-box-shadow wp-block-spectra-container\" data-orientation=\"vertical\">\n\t\n<div data-spectra-id=\"spectra-15521026-d7a7-4f6b-82ca-fd38031d3888\" style=\"display: flex;justify-content: flex-start\" class=\"wp-block-spectra-separator spectra-separator-color wp-block-spectra-separator\">\n\t<div class=\"spectra-separator-line\" style=\"margin-right: auto;background-color: var(--ast-global-color-0)\"><\/div>\n<\/div>\n\n\n\t<h3 data-spectra-id=\"spectra-52d8402e-0f84-4bd4-b22a-a3e55ad74947\" class=\"wp-block-spectra-content\">\n\t\t<strong>Fret fiable<\/strong>\t<\/h3>\n\n\n\t<p data-spectra-id=\"spectra-f13a236d-90ea-4317-837d-89739989f385\" class=\"wp-block-spectra-content\">\n\t\tNotre entreprise de logistique poss\u00e8de une vaste exp\u00e9rience en transport longue distance, coordination de fret et transport transfrontalier. Nous comprenons les d\u00e9fis auxquels sont confront\u00e9s les exp\u00e9diteurs et les courtiers, notamment les d\u00e9lais de livraison serr\u00e9s, la capacit\u00e9 fluctuante, le respect des r\u00e9glementations et le besoin d\u2019une visibilit\u00e9 en temps r\u00e9el.<br><br>Nous adoptons une approche consultative plut\u00f4t que de proposer des solutions uniformes. En collaborant \u00e9troitement avec nos clients pour comprendre leurs besoins, leurs exigences en mati\u00e8re de fret et leurs attentes de service, nous concevons des solutions de transport fiables et rentables, adapt\u00e9es \u00e0 leurs objectifs op\u00e9rationnels.\t<\/p>\n\n<\/div>\n\n\n<div data-spectra-id=\"spectra-2bd25bc9-f2ba-4012-8c05-e9381391cf47\" data-aos-delay=\"0\" data-aos-duration=\"400\" data-aos-easing=\"ease\" data-aos-once=\"true\" data-aos=\"fade-right\" style=\"overflow: visible;--spectra-background-color: var(--ast-global-color-5);--spectra-box-shadow: 0px 0px 24px 2px #242a571c\" class=\"spectra-overlay-color spectra-overflow spectra-background-color spectra-box-shadow wp-block-spectra-container\" data-orientation=\"vertical\">\n\t\n<div data-spectra-id=\"spectra-fed9fd28-87de-4868-9f3f-688ad287a147\" style=\"display: flex;justify-content: flex-start\" class=\"wp-block-spectra-separator spectra-separator-color wp-block-spectra-separator\">\n\t<div class=\"spectra-separator-line\" style=\"margin-right: auto;background-color: var(--ast-global-color-0)\"><\/div>\n<\/div>\n\n\n\t<h3 data-spectra-id=\"spectra-6a088d6f-47bc-4576-8288-c36e9a9b502e\" class=\"wp-block-spectra-content\">\n\t\t<strong>S\u00e9curit\u00e9 et conformit\u00e9 <\/strong>\t<\/h3>\n\n\n\t<p data-spectra-id=\"spectra-3585359c-97ef-4c7d-b040-c3d831b2c209\" class=\"wp-block-spectra-content\">\n\t\tLa s\u00e9curit\u00e9 est une valeur fondamentale chez Transport Romina Inc et guide chacune de nos d\u00e9cisions. Nous op\u00e9rons en pleine conformit\u00e9 avec toutes les r\u00e9glementations f\u00e9d\u00e9rales, \u00e9tatiques et provinciales \u00e0 travers l\u2019Am\u00e9rique du Nord. Nos chauffeurs sont form\u00e9s selon des normes de s\u00e9curit\u00e9 \u00e9lev\u00e9es, et notre \u00e9quipement fait l\u2019objet d\u2019inspections r\u00e9guli\u00e8res et d\u2019un entretien pr\u00e9ventif afin de garantir un service de transport fiable.<br><br>Nous respectons scrupuleusement les r\u00e8gles sur les heures de service, les normes de s\u00e9curit\u00e9 des v\u00e9hicules et les meilleures pratiques de manutention des marchandises. Cette approche rigoureuse prot\u00e8ge nos chauffeurs, le fret de nos clients et les communaut\u00e9s que nous desservons, renfor\u00e7ant ainsi notre r\u00f4le de partenaire de transport de confiance.\t<\/p>\n\n<\/div>\n\n\n<div data-spectra-id=\"spectra-9d28b27e-fd0c-4a01-bbb6-6c99f56cd993\" data-aos-delay=\"0\" data-aos-duration=\"400\" data-aos-easing=\"ease\" data-aos-once=\"true\" data-aos=\"fade-right\" style=\"overflow: visible;--spectra-background-color: var(--ast-global-color-5);--spectra-box-shadow: 0px 0px 24px 2px #242a571c\" class=\"spectra-overlay-color spectra-overflow spectra-background-color spectra-box-shadow wp-block-spectra-container\" data-orientation=\"vertical\">\n\t\n<div data-spectra-id=\"spectra-d2a8366a-c29d-4c32-a6af-e0762dda57ef\" style=\"display: flex;justify-content: flex-start\" class=\"wp-block-spectra-separator spectra-separator-color wp-block-spectra-separator\">\n\t<div class=\"spectra-separator-line\" style=\"margin-right: auto;background-color: var(--ast-global-color-0)\"><\/div>\n<\/div>\n\n\n\t<h3 data-spectra-id=\"spectra-19bdd47f-e568-4cc2-a7a9-dcf6850906b3\" class=\"wp-block-spectra-content\">\n\t\t<strong>Flotte moderne et op\u00e9rations fiables<\/strong>\t<\/h3>\n\n\n\t<p data-spectra-id=\"spectra-704b02ea-7ef1-4163-8abd-47c33d692d97\" class=\"wp-block-spectra-content\">\n\t\tEn tant qu\u2019entreprise de logistique de premier plan, notre flotte est \u00e9quip\u00e9e pour g\u00e9rer une grande vari\u00e9t\u00e9 de types de fret et de besoins en transport. Nous investissons dans des \u00e9quipements modernes et bien entretenus afin d\u2019assurer fiabilit\u00e9, efficacit\u00e9 et conformit\u00e9 aux normes du secteur. Un entretien et une planification proactifs permettent de r\u00e9duire les temps d\u2019arr\u00eat et d\u2019offrir un service constant et fiable.<br><br>Nos \u00e9quipes de r\u00e9partition et d\u2019exploitation utilisent des processus structur\u00e9s et des outils technologiques pour la planification des itin\u00e9raires, le suivi des exp\u00e9ditions et la communication. Cela garantit une visibilit\u00e9 compl\u00e8te, des mises \u00e0 jour en temps voulu et renforce notre r\u00f4le de partenaire de transport de confiance.\t<\/p>\n\n<\/div>\n\n\n<div data-spectra-id=\"spectra-f9d781c5-3bcc-4b4f-a078-c7d2f9d5459d\" data-aos-delay=\"0\" data-aos-duration=\"400\" data-aos-easing=\"ease\" data-aos-once=\"true\" data-aos=\"fade-right\" style=\"overflow: visible;--spectra-background-color: var(--ast-global-color-5);--spectra-box-shadow: 0px 0px 24px 2px #242a571c\" class=\"spectra-overlay-color spectra-overflow spectra-background-color spectra-box-shadow wp-block-spectra-container\" data-orientation=\"vertical\">\n\t\n<div data-spectra-id=\"spectra-669a3c20-3c1e-4037-aee3-f46a5f435463\" style=\"display: flex;justify-content: flex-start\" class=\"wp-block-spectra-separator spectra-separator-color wp-block-spectra-separator\">\n\t<div class=\"spectra-separator-line\" style=\"margin-right: auto;background-color: var(--ast-global-color-0)\"><\/div>\n<\/div>\n\n\n\t<h3 data-spectra-id=\"spectra-919d974d-2c57-4a83-b327-8b29ca61b8ee\" class=\"wp-block-spectra-content\">\n\t\t<strong>Partenariats ax\u00e9s sur le client<\/strong>\t<\/h3>\n\n\n\t<p data-spectra-id=\"spectra-835425c2-680b-4a8d-8260-eabf02d16ef8\" class=\"wp-block-spectra-content\">\n\t\tChez Transport Romina Inc, nous croyons que des relations solides sont la cl\u00e9 de services de transport r\u00e9ussis. Nous consid\u00e9rons nos clients comme des partenaires \u00e0 long terme et privil\u00e9gions une communication claire, la transparence et la r\u00e9activit\u00e9, afin qu\u2019ils sachent toujours o\u00f9 se trouve leur fret et \u00e0 quoi s\u2019attendre.<br><br>Que ce soit pour une exp\u00e9dition unique ou pour des besoins de transport continus, nous abordons chaque partenariat avec professionnalisme et souci du d\u00e9tail. Notre objectif est d\u2019\u00eatre un partenaire de transport de confiance et une extension harmonieuse de la cha\u00eene d\u2019approvisionnement de nos clients \u2013 fiable, responsable et facile \u00e0 collaborer. \t<\/p>\n\n<\/div>\n\n\n<div data-spectra-id=\"spectra-2ba24ece-a110-48b1-9cf4-afe46cf27de4\" data-aos-delay=\"0\" data-aos-duration=\"400\" data-aos-easing=\"ease\" data-aos-once=\"true\" data-aos=\"fade-right\" style=\"overflow: visible;--spectra-background-color: var(--ast-global-color-5);--spectra-box-shadow: 0px 0px 24px 2px #242a571c\" class=\"spectra-overlay-color spectra-overflow spectra-background-color spectra-box-shadow wp-block-spectra-container\" data-orientation=\"vertical\">\n\t\n<div data-spectra-id=\"spectra-c639179a-2e71-42a9-b0cf-de853519532b\" style=\"display: flex;justify-content: flex-start\" class=\"wp-block-spectra-separator spectra-separator-color wp-block-spectra-separator\">\n\t<div class=\"spectra-separator-line\" style=\"margin-right: auto;background-color: var(--ast-global-color-0)\"><\/div>\n<\/div>\n\n\n\t<h3 data-spectra-id=\"spectra-4f438776-11ca-40d2-a793-c6d2e903ee6b\" class=\"wp-block-spectra-content\">\n\t\t<strong>Secteurs que nous desservons<\/strong><br>\t<\/h3>\n\n\n\t<p data-spectra-id=\"spectra-b813f2d9-f8ce-45b3-8f0f-65d142de56ee\" class=\"wp-block-spectra-content\">\n\t\tNous soutenons fi\u00e8rement une grande diversit\u00e9 de secteurs, notamment : la fabrication et les op\u00e9rations industrielles, la distribution de d\u00e9tail et en gros, les projets de construction et d\u2019infrastructure, ainsi que les courtiers en fret et les prestataires logistiques tiers. <br><br>En tant qu\u2019entreprise de logistique, nous proposons des solutions de transport fiables, adapt\u00e9es aux d\u00e9fis uniques de chaque secteur, y compris le commerce \u00e9lectronique et les op\u00e9rations de traitement des commandes. Notre \u00e9quipe s\u2019engage \u00e0 \u00eatre un partenaire de transport fiable, capable d\u2019adapter ses services pour r\u00e9pondre aux exigences sp\u00e9cifiques de chaque industrie.\t<\/p>\n\n<\/div>\n\n<\/div>\n\n<\/div>\n\n\n<div data-spectra-id=\"91ab5bfa\"\tstyle=\"overflow: visible; --spectra-background-color: #FFFFFF75; --spectra-background-gradient: linear-gradient(180deg,rgb(239,242,255) 0%,rgb(255,255,255) 100%); --spectra-overlay-opacity: 1;\" class=\"spectra-is-root-container alignfull spectra-overlay-color spectra-overflow spectra-background-color spectra-background-gradient spectra-dim-ratio wp-block-spectra-container\" data-orientation=\"vertical\"\t>\n\t\n<div data-spectra-id=\"spectra-b339904c-root\" data-aos-delay=\"0\" data-aos-duration=\"400\" data-aos-easing=\"ease\" data-aos-once=\"true\" data-aos=\"fade\" style=\"overflow: visible\" class=\"spectra-overlay-color spectra-overflow wp-block-spectra-container\" data-orientation=\"vertical\">\n\t\n\n<p class=\"has-ast-global-color-3-color has-text-color has-link-color has-default-font-family wp-elements-7f7ec9e1458cc2e28d1feeab843bf2db\" style=\"font-family:Default\">Transport Romina Inc est une entreprise de logistique professionnelle engag\u00e9e \u00e0 offrir des solutions de transport fiables \u00e0 travers l\u2019Am\u00e9rique du Nord. Nous avons \u00e9t\u00e9 fond\u00e9s avec un objectif clair : fournir aux entreprises un partenaire de transport sur lequel elles peuvent compter, qui privil\u00e9gie la responsabilit\u00e9, la communication et une performance constante.&nbsp;<br><br>Dans un secteur o\u00f9 la fiabilit\u00e9 est essentielle pour les cha\u00eenes d\u2019approvisionnement, la satisfaction des clients et la rentabilit\u00e9, Transport Romina Inc s\u2019engage \u00e0 agir correctement. Nous r\u00e9unissons une direction exp\u00e9riment\u00e9e, des chauffeurs qualifi\u00e9s et des op\u00e9rations rigoureuses pour garantir que chaque exp\u00e9dition soit g\u00e9r\u00e9e avec soin et pr\u00e9cision, quelle que soit la distance ou la complexit\u00e9.<\/p>\n\n<\/div>\n\n<\/div>\n\n\n\n<p><\/p>","protected":false},"excerpt":{"rendered":"","protected":false},"author":1,"featured_media":0,"parent":0,"menu_order":0,"comment_status":"closed","ping_status":"closed","template":"","meta":{"_uag_custom_page_level_css":"","site-sidebar-layout":"no-sidebar","site-content-layout":"page-builder","ast-site-content-layout":"full-width-container","site-content-style":"unboxed","site-sidebar-style":"unboxed","ast-global-header-display":"","ast-banner-title-visibility":"","ast-main-header-display":"","ast-hfb-above-header-display":"","ast-hfb-below-header-display":"","ast-hfb-mobile-header-display":"","site-post-title":"disabled","ast-breadcrumbs-content":"","ast-featured-img":"disabled","footer-sml-layout":"","ast-disable-related-posts":"","theme-transparent-header-meta":"enabled","adv-header-id-meta":"","stick-header-meta":"","header-above-stick-meta":"","header-main-stick-meta":"","header-below-stick-meta":"","astra-migrate-meta-layouts":"set","ast-page-background-enabled":"default","ast-page-background-meta":{"desktop":{"background-color":"","background-image":"","background-repeat":"repeat","background-position":"center center","background-size":"auto","background-attachment":"scroll","background-type":"","background-media":"","overlay-type":"","overlay-color":"","overlay-opacity":"","overlay-gradient":""},"tablet":{"background-color":"","background-image":"","background-repeat":"repeat","background-position":"center center","background-size":"auto","background-attachment":"scroll","background-type":"","background-media":"","overlay-type":"","overlay-color":"","overlay-opacity":"","overlay-gradient":""},"mobile":{"background-color":"","background-image":"","background-repeat":"repeat","background-position":"center center","background-size":"auto","background-attachment":"scroll","background-type":"","background-media":"","overlay-type":"","overlay-color":"","overlay-opacity":"","overlay-gradient":""}},"ast-content-background-meta":{"desktop":{"background-color":"var(--ast-global-color-5)","background-image":"","background-repeat":"repeat","background-position":"center center","background-size":"auto","background-attachment":"scroll","background-type":"","background-media":"","overlay-type":"","overlay-color":"","overlay-opacity":"","overlay-gradient":""},"tablet":{"background-color":"var(--ast-global-color-5)","background-image":"","background-repeat":"repeat","background-position":"center center","background-size":"auto","background-attachment":"scroll","background-type":"","background-media":"","overlay-type":"","overlay-color":"","overlay-opacity":"","overlay-gradient":""},"mobile":{"background-color":"var(--ast-global-color-5)","background-image":"","background-repeat":"repeat","background-position":"center center","background-size":"auto","background-attachment":"scroll","background-type":"","background-media":"","overlay-type":"","overlay-color":"","overlay-opacity":"","overlay-gradient":""}},"footnotes":""},"class_list":["post-1490","page","type-page","status-publish","hentry"],"aioseo_notices":[],"_hostinger_reach_plugin_has_subscription_block":false,"_hostinger_reach_plugin_is_elementor":false,"uagb_featured_image_src":{"full":false,"thumbnail":false,"medium":false,"medium_large":false,"large":false,"1536x1536":false,"2048x2048":false,"trp-custom-language-flag":false},"uagb_author_info":{"display_name":"my.solutions@icloud.com","author_link":"https:\/\/transport-romina.com\/fr\/author\/my-solutionsicloud-com\/"},"uagb_comment_info":0,"uagb_excerpt":null,"_links":{"self":[{"href":"https:\/\/transport-romina.com\/fr\/wp-json\/wp\/v2\/pages\/1490","targetHints":{"allow":["GET"]}}],"collection":[{"href":"https:\/\/transport-romina.com\/fr\/wp-json\/wp\/v2\/pages"}],"about":[{"href":"https:\/\/transport-romina.com\/fr\/wp-json\/wp\/v2\/types\/page"}],"author":[{"embeddable":true,"href":"https:\/\/transport-romina.com\/fr\/wp-json\/wp\/v2\/users\/1"}],"replies":[{"embeddable":true,"href":"https:\/\/transport-romina.com\/fr\/wp-json\/wp\/v2\/comments?post=1490"}],"version-history":[{"count":11,"href":"https:\/\/transport-romina.com\/fr\/wp-json\/wp\/v2\/pages\/1490\/revisions"}],"predecessor-version":[{"id":3838,"href":"https:\/\/transport-romina.com\/fr\/wp-json\/wp\/v2\/pages\/1490\/revisions\/3838"}],"wp:attachment":[{"href":"https:\/\/transport-romina.com\/fr\/wp-json\/wp\/v2\/media?parent=1490"}],"curies":[{"name":"wp","href":"https:\/\/api.w.org\/{rel}","templated":true}]}}